{"id":13,"date":"2023-06-30T06:46:20","date_gmt":"2023-06-30T06:46:20","guid":{"rendered":"https:\/\/www.vcelaribenatky.cz\/?page_id=13"},"modified":"2023-06-30T07:58:40","modified_gmt":"2023-06-30T07:58:40","slug":"o-nas","status":"publish","type":"page","link":"https:\/\/www.vcelaribenatky.cz\/?page_id=13","title":{"rendered":"O n\u00e1s"},"content":{"rendered":"\t\t<div data-elementor-type=\"wp-page\" data-elementor-id=\"13\" class=\"elementor elementor-13\">\n\t\t\t\t\t\t\t\t\t<section class=\"elementor-section elementor-top-section elementor-element elementor-element-37f151f elementor-section-boxed elementor-section-height-default elementor-section-height-default\" data-id=\"37f151f\" data-element_type=\"section\">\n\t\t\t\t\t\t<div class=\"elementor-container elementor-column-gap-default\">\n\t\t\t\t\t<div class=\"elementor-column elementor-col-100 elementor-top-column elementor-element elementor-element-4c837be\" data-id=\"4c837be\" data-element_type=\"column\">\n\t\t\t<div class=\"elementor-widget-wrap elementor-element-populated\">\n\t\t\t\t\t\t\t\t<div class=\"elementor-element elementor-element-c6f2940 elementor-widget elementor-widget-heading\" data-id=\"c6f2940\" data-element_type=\"widget\" data-widget_type=\"heading.default\">\n\t\t\t\t<div class=\"elementor-widget-container\">\n\t\t\t<style>\/*! elementor - v3.14.0 - 26-06-2023 *\/\n.elementor-heading-title{padding:0;margin:0;line-height:1}.elementor-widget-heading .elementor-heading-title[class*=elementor-size-]>a{color:inherit;font-size:inherit;line-height:inherit}.elementor-widget-heading .elementor-heading-title.elementor-size-small{font-size:15px}.elementor-widget-heading .elementor-heading-title.elementor-size-medium{font-size:19px}.elementor-widget-heading .elementor-heading-title.elementor-size-large{font-size:29px}.elementor-widget-heading .elementor-heading-title.elementor-size-xl{font-size:39px}.elementor-widget-heading .elementor-heading-title.elementor-size-xxl{font-size:59px}<\/style><h3 class=\"elementor-heading-title elementor-size-default\">Z\u00e1kladn\u00ed organizace:\u00a0Ben\u00e1tky nad Jizerou<\/h3>\t\t<\/div>\n\t\t\t\t<\/div>\n\t\t\t\t<section class=\"elementor-section elementor-inner-section elementor-element elementor-element-4ef50be elementor-section-boxed elementor-section-height-default elementor-section-height-default\" data-id=\"4ef50be\" data-element_type=\"section\">\n\t\t\t\t\t\t<div class=\"elementor-container elementor-column-gap-default\">\n\t\t\t\t\t<div class=\"elementor-column elementor-col-50 elementor-inner-column elementor-element elementor-element-90778ff\" data-id=\"90778ff\" data-element_type=\"column\">\n\t\t\t<div class=\"elementor-widget-wrap elementor-element-populated\">\n\t\t\t\t\t\t\t\t<div class=\"elementor-element elementor-element-f3c778b elementor-view-framed elementor-shape-circle elementor-widget elementor-widget-icon\" data-id=\"f3c778b\" data-element_type=\"widget\" data-widget_type=\"icon.default\">\n\t\t\t\t<div class=\"elementor-widget-container\">\n\t\t\t\t\t<div class=\"elementor-icon-wrapper\">\n\t\t\t<div class=\"elementor-icon\">\n\t\t\t<svg xmlns=\"http:\/\/www.w3.org\/2000\/svg\" xmlns:xlink=\"http:\/\/www.w3.org\/1999\/xlink\" id=\"Layer_1\" style=\"enable-background:new 0 0 100.4 100.4;\" viewBox=\"0 0 100.4 100.4\" xml:space=\"preserve\"><path d=\"M76.9,34v-2.7c3.4-2,5.6-5.7,5.6-9.7v-4.8c0-6.2-5-11.2-11.2-11.2S60,10.6,60,16.8v4.8c0,3.9,2,7.5,5.4,9.5v2.9  c-1.5,0.4-2.9,1-4.3,1.8c-2.2-5.1-7.3-8.7-13.2-8.7c-5.8,0-10.7,3.4-13,8.4c-1.3-0.6-2.6-1.2-3.9-1.5v-2.7c3.4-2,5.6-5.7,5.6-9.7  v-4.8c0-6.2-5-11.2-11.2-11.2s-11.2,5-11.2,11.2v4.8c0,3.9,2,7.5,5.4,9.5v2.9c-9,2.6-15.1,10.7-15.1,20.1c0,0.8,0.7,1.5,1.5,1.5  h29.6c0.1,0,0.2,0,0.3,0c1.2,1.9,2.9,3.5,4.9,4.7v4.5c-11.9,3.2-20,13.9-20,26.3c0,0.8,0.7,1.5,1.5,1.5h51.5c0.8,0,1.5-0.7,1.5-1.5  c0-12.3-8.5-23.2-20.3-26.3v-4.3c2.1-1.2,3.8-2.8,5.1-4.8h30.7c0.8,0,1.5-0.7,1.5-1.5C92.2,44.8,85.8,36.5,76.9,34z M7.5,52.7  c0.6-7.8,6.2-14.2,13.9-16c0.7-0.2,1.2-0.8,1.2-1.5v-5c0-0.6-0.3-1.1-0.8-1.3c-2.8-1.4-4.6-4.2-4.6-7.3v-4.8c0-4.5,3.7-8.2,8.2-8.2  s8.2,3.7,8.2,8.2v4.8c0,3.1-1.9,6-4.7,7.4c-0.5,0.2-0.9,0.8-0.9,1.4v4.8c0,0.7,0.5,1.3,1.2,1.5c1.7,0.4,3.3,1,4.8,1.8  c-0.2,1-0.3,2-0.3,3.1V48c0,1.6,0.3,3.2,0.8,4.7L7.5,52.7L7.5,52.7z M52.8,58.2c-0.5,0.2-0.9,0.8-0.9,1.4v6.4c0,0.7,0.5,1.3,1.2,1.5  c10.6,2.3,18.4,11.5,19.1,22.2H23.8c0.6-10.7,8.2-19.7,18.8-22.1c0.7-0.2,1.2-0.8,1.2-1.5v-6.6c0-0.6-0.3-1.1-0.8-1.3  c-3.9-1.9-6.3-5.8-6.3-10.1v-6.4c0-6.3,5.1-11.3,11.3-11.3s11.3,5.1,11.3,11.3V48C59.3,52.3,56.8,56.3,52.8,58.2z M61.5,52.7  c0.5-1.5,0.8-3.1,0.8-4.7v-6.4c0-0.9-0.1-1.9-0.3-2.7c1.6-1,3.4-1.7,5.2-2.1c0.7-0.2,1.2-0.8,1.2-1.5v-5c0-0.6-0.3-1.1-0.8-1.3  c-2.8-1.4-4.6-4.2-4.6-7.3v-4.8c0-4.5,3.7-8.2,8.2-8.2c4.5,0,8.2,3.7,8.2,8.2v4.8c0,3.1-1.9,6-4.7,7.4c-0.5,0.2-0.9,0.8-0.9,1.4v4.8  c0,0.7,0.5,1.3,1.2,1.5c7.7,1.7,13.4,8.3,14.1,16L61.5,52.7L61.5,52.7z\"><\/path><\/svg>\t\t\t<\/div>\n\t\t<\/div>\n\t\t\t\t<\/div>\n\t\t\t\t<\/div>\n\t\t\t\t<div class=\"elementor-element elementor-element-a89f7a1 elementor-widget elementor-widget-heading\" data-id=\"a89f7a1\" data-element_type=\"widget\" data-widget_type=\"heading.default\">\n\t\t\t\t<div class=\"elementor-widget-container\">\n\t\t\t<h3 class=\"elementor-heading-title elementor-size-default\">\u0158\u00e1dn\u00fdch \u010dlen\u016f:  39<\/h3>\t\t<\/div>\n\t\t\t\t<\/div>\n\t\t\t\t\t<\/div>\n\t\t<\/div>\n\t\t\t\t<div class=\"elementor-column elementor-col-50 elementor-inner-column elementor-element elementor-element-e46b6fa\" data-id=\"e46b6fa\" data-element_type=\"column\">\n\t\t\t<div class=\"elementor-widget-wrap elementor-element-populated\">\n\t\t\t\t\t\t\t\t<div class=\"elementor-element elementor-element-1d08834 elementor-view-framed elementor-shape-circle elementor-widget elementor-widget-icon\" data-id=\"1d08834\" data-element_type=\"widget\" data-widget_type=\"icon.default\">\n\t\t\t\t<div class=\"elementor-widget-container\">\n\t\t\t\t\t<div class=\"elementor-icon-wrapper\">\n\t\t\t<div class=\"elementor-icon\">\n\t\t\t<svg xmlns=\"http:\/\/www.w3.org\/2000\/svg\" xmlns:xlink=\"http:\/\/www.w3.org\/1999\/xlink\" id=\"Layer_1\" style=\"enable-background:new 0 0 128 128;\" viewBox=\"0 0 128 128\" xml:space=\"preserve\"><g><path d=\"M57.134,58.534c-0.262-0.452-0.605-0.841-0.997-1.164c0.394-0.324,0.737-0.714,0.999-1.168l5.862-10.157   c0.772-1.336,0.772-2.997,0-4.333l-5.862-10.156c-0.771-1.337-2.21-2.167-3.754-2.167H41.645c-1.544,0-2.982,0.831-3.754,2.167   l-5.862,10.156c-0.267,0.463-0.435,0.965-0.517,1.479c-0.503-0.201-1.044-0.312-1.6-0.312H18.173c-1.543,0-2.982,0.831-3.754,2.167   L8.557,55.203c-0.771,1.336-0.771,2.997,0,4.333l5.862,10.157c0.772,1.336,2.21,2.167,3.754,2.167h11.737   c0.557,0,1.098-0.112,1.601-0.312c0.083,0.513,0.252,1.015,0.52,1.476l5.861,10.161c0.771,1.335,2.211,2.165,3.756,2.165   c0.226,0,0.409,0.184,0.409,0.409v13.997c0,1.058,0.47,2.052,1.29,2.729c0.639,0.528,1.434,0.809,2.252,0.809   c0.228,0,0.457-0.022,0.685-0.066c1.65-0.317,2.849-1.821,2.849-3.576V85.758c0-0.226,0.184-0.409,0.409-0.409h0.913   c0.226,0,0.409,0.184,0.409,0.409v4.469c0,1.743,1.187,3.248,2.821,3.577c1.055,0.213,2.13-0.054,2.955-0.729   c0.826-0.677,1.3-1.674,1.3-2.737V82.52c0-0.483,0.127-0.958,0.368-1.375l4.686-8.119c0.776-1.337,0.775-2.998,0-4.331   L57.134,58.534z M33.761,42.711l5.862-10.156c0.416-0.72,1.19-1.167,2.021-1.167h11.737c0.832,0,1.606,0.447,2.021,1.167   l5.863,10.156c0.416,0.72,0.416,1.614,0,2.333l-5.863,10.157c-0.416,0.72-1.19,1.167-2.021,1.167h-0.004H41.649h-0.004   c-0.831,0-1.606-0.447-2.021-1.167l-5.862-10.157C33.345,44.325,33.345,43.431,33.761,42.711z M18.173,69.86   c-0.832,0-1.606-0.447-2.021-1.167L10.29,58.536c-0.416-0.719-0.416-1.614,0-2.333l5.862-10.156c0.416-0.72,1.19-1.167,2.021-1.167   h11.737c0.831,0,1.606,0.447,2.021,1.167l5.862,10.156c0.416,0.72,0.416,1.614,0,2.333l-5.863,10.157   c-0.416,0.72-1.19,1.167-2.021,1.167H18.173z M61.264,72.022l-4.688,8.123c-0.416,0.721-0.636,1.542-0.636,2.375v7.818   c0,0.461-0.207,0.895-0.567,1.189c-0.365,0.298-0.825,0.409-1.292,0.315c-0.693-0.139-1.216-0.834-1.216-1.616v-4.469   c0-1.329-1.081-2.409-2.409-2.409h-0.913c-1.329,0-2.409,1.081-2.409,2.409V99.65c0,0.784-0.527,1.477-1.227,1.612   c-0.468,0.091-0.926-0.023-1.286-0.321c-0.358-0.295-0.563-0.728-0.563-1.187V85.758c0-1.329-1.081-2.409-2.409-2.409   c-0.833,0-1.609-0.447-2.024-1.165l-5.862-10.163c-0.417-0.717-0.417-1.608,0.002-2.328l5.86-10.158   c0.416-0.719,1.191-1.166,2.024-1.166h11.729c0.833,0,1.609,0.447,2.024,1.165l5.862,10.162   C61.681,70.414,61.681,71.305,61.264,72.022z\"><\/path><path d=\"M119.972,56.975c-0.521-5.209-4.902-9.118-10.16-9.039c-1.554,0.017-3.241,0.316-4.941,0.789   c-1.136-1.977-2.689-3.732-4.586-5.087c-0.356-0.25-0.722-0.48-1.093-0.697c1.081-1.595,1.655-3.454,1.655-5.421   c0-2.747-1.144-5.229-2.975-7.006l4.101-4.1c0.391-0.391,0.391-1.023,0-1.414s-1.023-0.391-1.414,0l-4.271,4.27   c-1.51-0.958-3.295-1.521-5.212-1.521c-1.623,0-3.152,0.404-4.5,1.107L82.72,25c-0.391-0.391-1.023-0.391-1.414,0   s-0.391,1.023,0,1.414l3.565,3.565c-2.176,1.793-3.565,4.508-3.565,7.541c0,2.086,0.68,4.112,1.913,5.777   c-0.37,0.237-0.731,0.488-1.081,0.756c-1.642,1.28-3.005,2.908-4.022,4.721c-1.757-0.502-3.506-0.821-5.112-0.839   c-5.255-0.087-9.64,3.83-10.16,9.039c-0.289,2.888,0.618,5.655,2.552,7.792c1.907,2.107,4.63,3.316,7.47,3.316   c1.829,0,3.848-0.391,5.857-1.012c0.066,0.15,0.12,0.29,0.189,0.446c0.001,0.003,0.002,0.006,0.004,0.008   c0.005,0.011,0.008,0.021,0.013,0.032c1.137,2.423,2.607,4.907,4.365,7.375c0.925,1.326,1.936,2.641,2.999,3.903   c0.654,0.787,1.462,1.406,2.36,1.829l1.094,3.847c0.24,0.843,0.986,1.406,1.86,1.406c0.005,0,0.011,0,0.017,0   c0.882-0.007,1.627-0.584,1.854-1.437l1.018-3.823c0.896-0.423,1.702-1.039,2.355-1.823c1.106-1.335,2.082-2.611,2.975-3.891   c1.754-2.445,3.221-4.931,4.348-7.363c0.009-0.018,0.017-0.038,0.026-0.056c0-0.001,0.001-0.001,0.001-0.002   c0.059-0.12,0.113-0.245,0.17-0.367c1.917,0.571,3.834,0.929,5.578,0.929c2.84,0,5.563-1.208,7.47-3.316   C119.354,62.63,120.26,59.863,119.972,56.975z M83.306,37.521c0-4.285,3.486-7.771,7.771-7.771c4.285,0,7.771,3.486,7.771,7.771   c0,1.652-0.516,3.204-1.472,4.513c-1.843-0.776-3.807-1.183-5.81-1.183c-2.273,0-4.52,0.521-6.569,1.48   C83.908,40.969,83.306,39.271,83.306,37.521z M83.362,45.635c2.337-1.796,5.25-2.785,8.203-2.785c2.689,0,5.307,0.839,7.564,2.42   c1.535,1.096,2.815,2.495,3.788,4.068c-0.446,0.158-0.889,0.326-1.328,0.502H81.226c-0.387-0.155-0.776-0.303-1.168-0.444   C80.922,47.957,82.04,46.666,83.362,45.635z M98.488,73.359H84.644c-1.224-1.752-2.292-3.502-3.19-5.227h20.215   C100.774,69.871,99.708,71.62,98.488,73.359z M81.343,66.132c3.368-1.361,6.454-3.196,8.252-4.716   c0.728-0.616,1.223-1.441,1.446-2.348h0.734c0.223,0.907,0.718,1.732,1.446,2.348c1.798,1.52,4.884,3.355,8.252,4.716H81.343z    M93.204,54.616c-0.755,0.639-1.263,1.502-1.466,2.452h-0.66c-0.203-0.95-0.711-1.814-1.466-2.452   c-1.025-0.867-2.478-1.843-4.166-2.775H97.37C95.681,52.773,94.229,53.748,93.204,54.616z M66.878,63.425   c-1.55-1.712-2.275-3.933-2.044-6.251c0.414-4.142,3.87-7.239,8.058-7.239c0.03,0,0.061,0,0.091,0   c2.327,0.025,5.04,0.767,7.595,1.8c0.028,0.013,0.055,0.024,0.084,0.035c3.142,1.281,6.036,2.998,7.659,4.371   c0.546,0.462,0.859,1.14,0.859,1.86c0,0.729-0.319,1.417-0.875,1.887c-2.995,2.531-10.216,6.194-15.438,6.194   C70.59,66.083,68.407,65.114,66.878,63.425z M91.607,83.737l-0.7-2.461c0.218,0.021,0.436,0.036,0.657,0.036   c0.235,0,0.468-0.015,0.698-0.038L91.607,83.737z M95.314,77.555c-0.931,1.117-2.298,1.758-3.75,1.758   c-1.444,0-2.805-0.641-3.737-1.762c-0.603-0.716-1.18-1.45-1.74-2.192h10.957C96.501,76.081,95.933,76.808,95.314,77.555z    M115.938,63.425c-1.529,1.689-3.711,2.658-5.988,2.658c-5.223,0-12.443-3.662-15.438-6.194c-0.556-0.47-0.875-1.158-0.875-1.886   c0-0.72,0.313-1.398,0.859-1.86c1.622-1.373,4.514-3.089,7.654-4.37c0.034-0.012,0.066-0.025,0.098-0.041   c2.552-1.031,5.26-1.771,7.585-1.796c4.261-0.03,7.732,3.067,8.148,7.238C118.213,59.492,117.487,61.712,115.938,63.425z\"><\/path><\/g><\/svg>\t\t\t<\/div>\n\t\t<\/div>\n\t\t\t\t<\/div>\n\t\t\t\t<\/div>\n\t\t\t\t<div class=\"elementor-element elementor-element-9046894 elementor-widget elementor-widget-heading\" data-id=\"9046894\" data-element_type=\"widget\" data-widget_type=\"heading.default\">\n\t\t\t\t<div class=\"elementor-widget-container\">\n\t\t\t<h3 class=\"elementor-heading-title elementor-size-default\">Celkem v\u010delstev: 422<\/h3>\t\t<\/div>\n\t\t\t\t<\/div>\n\t\t\t\t\t<\/div>\n\t\t<\/div>\n\t\t\t\t\t\t\t<\/div>\n\t\t<\/section>\n\t\t\t\t<div class=\"elementor-element elementor-element-1c13c51 elementor-widget elementor-widget-spacer\" data-id=\"1c13c51\" data-element_type=\"widget\" data-widget_type=\"spacer.default\">\n\t\t\t\t<div class=\"elementor-widget-container\">\n\t\t\t<style>\/*! elementor - v3.14.0 - 26-06-2023 *\/\n.elementor-column .elementor-spacer-inner{height:var(--spacer-size)}.e-con{--container-widget-width:100%}.e-con-inner>.elementor-widget-spacer,.e-con>.elementor-widget-spacer{width:var(--container-widget-width,var(--spacer-size));--align-self:var(--container-widget-align-self,initial);--flex-shrink:0}.e-con-inner>.elementor-widget-spacer>.elementor-widget-container,.e-con-inner>.elementor-widget-spacer>.elementor-widget-container>.elementor-spacer,.e-con>.elementor-widget-spacer>.elementor-widget-container,.e-con>.elementor-widget-spacer>.elementor-widget-container>.elementor-spacer{height:100%}.e-con-inner>.elementor-widget-spacer>.elementor-widget-container>.elementor-spacer>.elementor-spacer-inner,.e-con>.elementor-widget-spacer>.elementor-widget-container>.elementor-spacer>.elementor-spacer-inner{height:var(--container-widget-height,var(--spacer-size))}<\/style>\t\t<div class=\"elementor-spacer\">\n\t\t\t<div class=\"elementor-spacer-inner\"><\/div>\n\t\t<\/div>\n\t\t\t\t<\/div>\n\t\t\t\t<\/div>\n\t\t\t\t<div class=\"elementor-element elementor-element-c7ba64e elementor-arrows-position-inside elementor-pagination-position-outside elementor-widget elementor-widget-image-carousel\" data-id=\"c7ba64e\" data-element_type=\"widget\" data-settings=\"{&quot;navigation&quot;:&quot;both&quot;,&quot;autoplay&quot;:&quot;yes&quot;,&quot;pause_on_hover&quot;:&quot;yes&quot;,&quot;pause_on_interaction&quot;:&quot;yes&quot;,&quot;autoplay_speed&quot;:5000,&quot;infinite&quot;:&quot;yes&quot;,&quot;speed&quot;:500}\" data-widget_type=\"image-carousel.default\">\n\t\t\t\t<div class=\"elementor-widget-container\">\n\t\t\t<style>\/*! elementor - v3.14.0 - 26-06-2023 *\/\n.elementor-widget-image-carousel .swiper,.elementor-widget-image-carousel .swiper-container{position:static}.elementor-widget-image-carousel .swiper-container .swiper-slide figure,.elementor-widget-image-carousel .swiper .swiper-slide figure{line-height:inherit}.elementor-widget-image-carousel .swiper-slide{text-align:center}.elementor-image-carousel-wrapper:not(.swiper-container-initialized):not(.swiper-initialized) .swiper-slide{max-width:calc(100% \/ var(--e-image-carousel-slides-to-show, 3))}<\/style>\t\t<div class=\"elementor-image-carousel-wrapper swiper\" dir=\"ltr\">\n\t\t\t<div class=\"elementor-image-carousel swiper-wrapper\" aria-live=\"off\">\n\t\t\t\t\t\t\t\t<div class=\"swiper-slide\" role=\"group\" aria-roledescription=\"slide\" aria-label=\"1 z 3\"><figure class=\"swiper-slide-inner\"><img decoding=\"async\" class=\"swiper-slide-image\" src=\"https:\/\/www.vcelaribenatky.cz\/wp-content\/uploads\/2023\/06\/stahnout-1-368x240.jpg\" alt=\"sta\u0301hnout (1)\" \/><\/figure><\/div><div class=\"swiper-slide\" role=\"group\" aria-roledescription=\"slide\" aria-label=\"2 z 3\"><figure class=\"swiper-slide-inner\"><img decoding=\"async\" class=\"swiper-slide-image\" src=\"https:\/\/www.vcelaribenatky.cz\/wp-content\/uploads\/2023\/06\/20170410_141834-368x240.jpg\" alt=\"20170410_141834\" \/><\/figure><\/div><div class=\"swiper-slide\" role=\"group\" aria-roledescription=\"slide\" aria-label=\"3 z 3\"><figure class=\"swiper-slide-inner\"><img decoding=\"async\" class=\"swiper-slide-image\" src=\"https:\/\/www.vcelaribenatky.cz\/wp-content\/uploads\/2023\/06\/20200417_135018-368x240.jpg\" alt=\"20200417_135018\" \/><\/figure><\/div>\t\t\t<\/div>\n\t\t\t\t\t\t\t\t\t\t\t\t<div class=\"elementor-swiper-button elementor-swiper-button-prev\" role=\"button\" tabindex=\"0\">\n\t\t\t\t\t\t<i aria-hidden=\"true\" class=\"eicon-chevron-left\"><\/i>\t\t\t\t\t<\/div>\n\t\t\t\t\t<div class=\"elementor-swiper-button elementor-swiper-button-next\" role=\"button\" tabindex=\"0\">\n\t\t\t\t\t\t<i aria-hidden=\"true\" class=\"eicon-chevron-right\"><\/i>\t\t\t\t\t<\/div>\n\t\t\t\t\n\t\t\t\t\t\t\t\t\t<div class=\"swiper-pagination\"><\/div>\n\t\t\t\t\t\t\t\t\t<\/div>\n\t\t\t\t<\/div>\n\t\t\t\t<\/div>\n\t\t\t\t<div class=\"elementor-element elementor-element-e72e4f9 elementor-widget elementor-widget-spacer\" data-id=\"e72e4f9\" data-element_type=\"widget\" data-widget_type=\"spacer.default\">\n\t\t\t\t<div class=\"elementor-widget-container\">\n\t\t\t\t\t<div class=\"elementor-spacer\">\n\t\t\t<div class=\"elementor-spacer-inner\"><\/div>\n\t\t<\/div>\n\t\t\t\t<\/div>\n\t\t\t\t<\/div>\n\t\t\t\t<div class=\"elementor-element elementor-element-359b338 elementor-widget elementor-widget-heading\" data-id=\"359b338\" data-element_type=\"widget\" data-widget_type=\"heading.default\">\n\t\t\t\t<div class=\"elementor-widget-container\">\n\t\t\t<h3 class=\"elementor-heading-title elementor-size-default\">D\u016fle\u017eit\u00e9 odkazy<\/h3>\t\t<\/div>\n\t\t\t\t<\/div>\n\t\t\t\t<section class=\"elementor-section elementor-inner-section elementor-element elementor-element-727b0ab elementor-section-boxed elementor-section-height-default elementor-section-height-default\" data-id=\"727b0ab\" data-element_type=\"section\">\n\t\t\t\t\t\t<div class=\"elementor-container elementor-column-gap-default\">\n\t\t\t\t\t<div class=\"elementor-column elementor-col-33 elementor-inner-column elementor-element elementor-element-0114f58\" data-id=\"0114f58\" data-element_type=\"column\">\n\t\t\t<div class=\"elementor-widget-wrap elementor-element-populated\">\n\t\t\t\t\t\t\t\t<div class=\"elementor-element elementor-element-7df78dc elementor-widget elementor-widget-image\" data-id=\"7df78dc\" data-element_type=\"widget\" data-widget_type=\"image.default\">\n\t\t\t\t<div class=\"elementor-widget-container\">\n\t\t\t<style>\/*! elementor - v3.14.0 - 26-06-2023 *\/\n.elementor-widget-image{text-align:center}.elementor-widget-image a{display:inline-block}.elementor-widget-image a img[src$=\".svg\"]{width:48px}.elementor-widget-image img{vertical-align:middle;display:inline-block}<\/style>\t\t\t\t\t\t\t\t\t\t\t\t<img loading=\"lazy\" decoding=\"async\" width=\"150\" height=\"105\" src=\"https:\/\/www.vcelaribenatky.cz\/wp-content\/uploads\/2023\/06\/cmsch-logo-175-150x105.png\" class=\"attachment-thumbnail size-thumbnail wp-image-28\" alt=\"\" \/>\t\t\t\t\t\t\t\t\t\t\t\t\t\t\t<\/div>\n\t\t\t\t<\/div>\n\t\t\t\t<div class=\"elementor-element elementor-element-02fc643 elementor-widget elementor-widget-heading\" data-id=\"02fc643\" data-element_type=\"widget\" data-widget_type=\"heading.default\">\n\t\t\t\t<div class=\"elementor-widget-container\">\n\t\t\t<h5 class=\"elementor-heading-title elementor-size-default\"><a href=\"https:\/\/www.cmsch.cz\/evidence-a-oznacovani-zvirat\/vcely\/\">\u010ceskomoravsk\u00e1 spole\u010dnost chovatel\u016f, a.s.<\/a><\/h5>\t\t<\/div>\n\t\t\t\t<\/div>\n\t\t\t\t\t<\/div>\n\t\t<\/div>\n\t\t\t\t<div class=\"elementor-column elementor-col-33 elementor-inner-column elementor-element elementor-element-6776837\" data-id=\"6776837\" data-element_type=\"column\">\n\t\t\t<div class=\"elementor-widget-wrap elementor-element-populated\">\n\t\t\t\t\t\t\t\t<div class=\"elementor-element elementor-element-06606fe elementor-widget elementor-widget-image\" data-id=\"06606fe\" data-element_type=\"widget\" data-widget_type=\"image.default\">\n\t\t\t\t<div class=\"elementor-widget-container\">\n\t\t\t\t\t\t\t\t\t\t\t\t\t\t\t<img loading=\"lazy\" decoding=\"async\" width=\"70\" height=\"80\" src=\"https:\/\/www.vcelaribenatky.cz\/wp-content\/uploads\/2023\/06\/logo-1.png\" class=\"attachment-thumbnail size-thumbnail wp-image-29\" alt=\"\" \/>\t\t\t\t\t\t\t\t\t\t\t\t\t\t\t<\/div>\n\t\t\t\t<\/div>\n\t\t\t\t<div class=\"elementor-element elementor-element-40eead5 elementor-widget elementor-widget-heading\" data-id=\"40eead5\" data-element_type=\"widget\" data-widget_type=\"heading.default\">\n\t\t\t\t<div class=\"elementor-widget-container\">\n\t\t\t<h5 class=\"elementor-heading-title elementor-size-default\"><a href=\"https:\/\/www.vcelarstvi.cz\/\">\u010cesk\u00fd svaz v\u010dela\u0159\u016f, z. s.\n<\/a><\/h5>\t\t<\/div>\n\t\t\t\t<\/div>\n\t\t\t\t\t<\/div>\n\t\t<\/div>\n\t\t\t\t<div class=\"elementor-column elementor-col-33 elementor-inner-column elementor-element elementor-element-8443aa7\" data-id=\"8443aa7\" data-element_type=\"column\">\n\t\t\t<div class=\"elementor-widget-wrap elementor-element-populated\">\n\t\t\t\t\t\t\t\t<div class=\"elementor-element elementor-element-e71cc2d elementor-widget elementor-widget-image\" data-id=\"e71cc2d\" data-element_type=\"widget\" data-widget_type=\"image.default\">\n\t\t\t\t<div class=\"elementor-widget-container\">\n\t\t\t\t\t\t\t\t\t\t\t\t\t\t\t<img loading=\"lazy\" decoding=\"async\" width=\"150\" height=\"64\" src=\"https:\/\/www.vcelaribenatky.cz\/wp-content\/uploads\/2023\/06\/logo-svs2-150x64.png\" class=\"attachment-thumbnail size-thumbnail wp-image-30\" alt=\"\" \/>\t\t\t\t\t\t\t\t\t\t\t\t\t\t\t<\/div>\n\t\t\t\t<\/div>\n\t\t\t\t<div class=\"elementor-element elementor-element-7b18909 elementor-widget elementor-widget-heading\" data-id=\"7b18909\" data-element_type=\"widget\" data-widget_type=\"heading.default\">\n\t\t\t\t<div class=\"elementor-widget-container\">\n\t\t\t<h5 class=\"elementor-heading-title elementor-size-default\"><a href=\"https:\/\/www.svscr.cz\/\">St\u00e1tn\u00ed veterin\u00e1rn\u00ed spr\u00e1va<\/a><\/h5>\t\t<\/div>\n\t\t\t\t<\/div>\n\t\t\t\t\t<\/div>\n\t\t<\/div>\n\t\t\t\t\t\t\t<\/div>\n\t\t<\/section>\n\t\t\t\t\t<\/div>\n\t\t<\/div>\n\t\t\t\t\t\t\t<\/div>\n\t\t<\/section>\n\t\t\t\t\t\t\t<\/div>\n\t\t","protected":false},"excerpt":{"rendered":"<p>Z\u00e1kladn\u00ed organizace:\u00a0Ben\u00e1tky nad Jizerou \u0158\u00e1dn\u00fdch \u010dlen\u016f: 39 Celkem v\u010delstev: 422 D\u016fle\u017eit\u00e9 odkazy \u010ceskomoravsk\u00e1 spole\u010dnost chovatel\u016f, a.s. \u010cesk\u00fd svaz v\u010dela\u0159\u016f, z. s. St\u00e1tn\u00ed veterin\u00e1rn\u00ed spr\u00e1va<\/p>\n","protected":false},"author":1,"featured_media":0,"parent":0,"menu_order":0,"comment_status":"closed","ping_status":"closed","template":"page-templates\/full-width-container.php","meta":{"footnotes":""},"class_list":["post-13","page","type-page","status-publish","hentry"],"_links":{"self":[{"href":"https:\/\/www.vcelaribenatky.cz\/index.php?rest_route=\/wp\/v2\/pages\/13","targetHints":{"allow":["GET"]}}],"collection":[{"href":"https:\/\/www.vcelaribenatky.cz\/index.php?rest_route=\/wp\/v2\/pages"}],"about":[{"href":"https:\/\/www.vcelaribenatky.cz\/index.php?rest_route=\/wp\/v2\/types\/page"}],"author":[{"embeddable":true,"href":"https:\/\/www.vcelaribenatky.cz\/index.php?rest_route=\/wp\/v2\/users\/1"}],"replies":[{"embeddable":true,"href":"https:\/\/www.vcelaribenatky.cz\/index.php?rest_route=%2Fwp%2Fv2%2Fcomments&post=13"}],"version-history":[{"count":8,"href":"https:\/\/www.vcelaribenatky.cz\/index.php?rest_route=\/wp\/v2\/pages\/13\/revisions"}],"predecessor-version":[{"id":54,"href":"https:\/\/www.vcelaribenatky.cz\/index.php?rest_route=\/wp\/v2\/pages\/13\/revisions\/54"}],"wp:attachment":[{"href":"https:\/\/www.vcelaribenatky.cz\/index.php?rest_route=%2Fwp%2Fv2%2Fmedia&parent=13"}],"curies":[{"name":"wp","href":"https:\/\/api.w.org\/{rel}","templated":true}]}}